{"id":1415,"date":"2025-04-14T19:10:03","date_gmt":"2025-04-14T19:10:03","guid":{"rendered":"https:\/\/agatfoundation.wpengine.com\/?page_id=1415"},"modified":"2025-12-09T15:33:31","modified_gmt":"2025-12-09T15:33:31","slug":"directeurs","status":"publish","type":"page","link":"https:\/\/www.agatfoundation.com\/fr\/about-us\/directors\/","title":{"rendered":"Directeurs"},"content":{"rendered":"<div class=\"wp-block-stackable-columns alignfull stk-block-columns stk-block stk-875f19f stk-block-background stk--has-background-overlay\" data-block-id=\"875f19f\"><style>.stk-875f19f {background-color:linear-gradient(123deg,rgb(219,180,47) 70%,rgb(247,222,137) 100%) !important;background-image:url(https:\/\/www.agatfoundation.com\/wp-content\/uploads\/gold-geese-flying-in-v-formation.jpg) !important;background-position:center center !important;background-repeat:no-repeat !important;overflow:hidden !important;padding-top:200px !important;padding-right:80px !important;padding-bottom:170px !important;padding-left:80px !important;margin-bottom:0px !important;opacity:1 !important;}.stk-875f19f:before{opacity:0.5 !important;background-image:linear-gradient(123deg,rgb(219,180,47) 70%,rgb(247,222,137) 100%) !important;}@media screen and (max-width:689px){.stk-875f19f {padding-top:100px !important;padding-right:25px !important;padding-bottom:60px !important;padding-left:25px !important;}}<\/style><div class=\"stk-row stk-inner-blocks has-text-align-left-tablet has-text-align-left-mobile stk-block-content stk-content-align stk-875f19f-column\">\n<div class=\"wp-block-stackable-column stk-block-column stk-column stk-block stk-404da6c\" data-v=\"4\" data-block-id=\"404da6c\"><style>.stk-404da6c-container{margin-top:0px !important;margin-right:0px !important;margin-bottom:0px !important;margin-left:0px !important;}<\/style><div class=\"stk-column-wrapper stk-block-column__content stk-container stk-404da6c-container stk--no-background stk--no-padding\"><div class=\"stk-block-content stk-inner-blocks stk-404da6c-inner-blocks\">\n\n\n<div class=\"wp-block-stackable-heading stk-block-heading stk-block-heading--v2 stk-block stk-891b05a\" id=\"inside-the-agat-foundation\" data-block-id=\"891b05a\"><style>.stk-891b05a {margin-bottom:18px !important;}.stk-891b05a .stk-block-heading__text{text-shadow:2px 2px 4px #00000033 !important;color:var(--theme-palette-color-8, #ffffff) !important;line-height:1.1em !important;}@media screen and (max-width:999px){.stk-891b05a {max-width:100% !important;min-width:auto !important;}}<\/style><h1 class=\"stk-block-heading__text has-text-color has-palette-color-8-color\">Au c\u0153ur de la Fondation AGAT<\/h1><\/div>\n\n\n\n<div class=\"wp-block-stackable-text stk-block-text stk-block stk-07e839a\" data-block-id=\"07e839a\"><style>.stk-07e839a {max-width:60% !important;min-width:auto !important;margin-bottom:40px !important;}.stk-07e839a .stk-block-text__text{font-size:22px !important;color:var(--theme-palette-color-8, #ffffff) !important;}@media screen and (max-width:999px){.stk-07e839a .stk-block-text__text{font-size:22px !important;}}<\/style><p class=\"stk-block-text__text has-text-color has-palette-color-5-color has-text-align-left-mobile\">D\u00e9couvrez l\u2019\u00e9quipe derri\u00e8re la Fondation AGAT.<\/p><\/div>\n<\/div><\/div><\/div>\n<\/div><\/div>\n\n\n\n<div class=\"wp-block-stackable-spacer stk-block-spacer stk--no-padding stk-block stk-351fd8a\" data-block-id=\"351fd8a\"><style>.stk-351fd8a {height:60px !important;}@media screen and (max-width:999px){.stk-351fd8a {height:50px !important;}}<\/style><\/div>\n\n\n\n<div class=\"wp-block-stackable-columns stk-block-columns stk-block stk-e2872ad\" data-block-id=\"e2872ad\"><style>.stk-e2872ad-column{max-width:80% !important;min-width:auto !important;}<\/style><div class=\"stk-row stk-inner-blocks stk-block-content stk-content-align stk-e2872ad-column\">\n<div class=\"wp-block-stackable-column stk-block-column stk-column stk-block stk-139f69b\" data-v=\"4\" data-block-id=\"139f69b\"><div class=\"stk-column-wrapper stk-block-column__content stk-container stk-139f69b-container stk--no-background stk--no-padding\"><div class=\"stk-block-content stk-inner-blocks stk-139f69b-inner-blocks\">\n<div class=\"wp-block-stackable-heading stk-block-heading stk-block-heading--v2 stk-block stk-11dd474\" id=\"meet-our-directors\" data-block-id=\"11dd474\"><style>.stk-11dd474 {margin-bottom:34px !important;}.stk-11dd474 .stk-block-heading__text{line-height:1.2em !important;}<\/style><h2 class=\"stk-block-heading__text\">Voici nos directeurs<\/h2><\/div>\n\n\n\n<div class=\"wp-block-stackable-text stk-block-text stk-block stk-d0b8eab\" id=\"we-exist-to-uplift-people-and-communities-through-support-giving-and-leading-change\" data-block-id=\"d0b8eab\"><p class=\"stk-block-text__text\">Fort de d\u00e9cennies d\u2019exp\u00e9rience en philanthropie, en gestion d\u2019\u00e9v\u00e9nements et en op\u00e9rations d\u2019affaires, notre \u00e9quipe de directeurs met son expertise au service d\u2019une plateforme qui amplifie les messages, stimule la collaboration et insuffle aux communaut\u00e9s un \u00e9lan porteur de changement.<\/p><\/div>\n<\/div><\/div><\/div>\n<\/div><\/div>\n\n\n\n<div class=\"wp-block-stackable-spacer stk-block-spacer stk--no-padding stk-block stk-54e71a5\" data-block-id=\"54e71a5\"><style>.stk-54e71a5 {height:70px !important;}@media screen and (max-width:999px){.stk-54e71a5 {height:50px !important;}}<\/style><\/div>\n\n\n\n<div class=\"wp-block-stackable-columns aligncenter stk-block-columns stk-block stk-51b7e7a\" data-block-id=\"51b7e7a\"><style>.stk-51b7e7a {margin-bottom:0px !important;}.stk-51b7e7a-column{--stk-column-gap:35px !important;}@media screen and (max-width:999px){.stk-51b7e7a-column{--stk-column-gap:20px !important;}}@media screen and (max-width:689px){.stk-51b7e7a-column{row-gap:50px !important;}}<\/style><div class=\"stk-row stk-inner-blocks stk-block-content stk-content-align stk-51b7e7a-column\">\n<div class=\"wp-block-stackable-column stk-block-column stk-column stk-block stk-47ff57d\" data-v=\"4\" data-block-id=\"47ff57d\"><style>.stk-47ff57d-container{margin-top:0px !important;margin-right:0px !important;margin-bottom:0px !important;margin-left:0px !important;}@media screen and (max-width:689px){.stk-47ff57d {flex:var(--stk-flex-grow, 1) 1 calc(50% - var(--stk-column-gap, 0px) * 1 \/ 2 ) !important;}}<\/style><div class=\"stk-column-wrapper stk-block-column__content stk-container stk-47ff57d-container stk--no-background stk--no-padding\"><div class=\"stk-block-content stk-inner-blocks stk-47ff57d-inner-blocks\">\n<div class=\"wp-block-stackable-image stk-block-image stk-block stk-b88656a\" data-block-id=\"b88656a\"><figure><span class=\"stk-img-wrapper stk-image--shape-stretch\"><img loading=\"lazy\" decoding=\"async\" class=\"stk-img wp-image-1420\" src=\"https:\/\/www.agatfoundation.com\/wp-content\/uploads\/director-john-desanti.png\" width=\"400\" height=\"400\" srcset=\"https:\/\/www.agatfoundation.com\/wp-content\/uploads\/director-john-desanti.png 400w, https:\/\/www.agatfoundation.com\/wp-content\/uploads\/director-john-desanti-300x300.png 300w, https:\/\/www.agatfoundation.com\/wp-content\/uploads\/director-john-desanti-150x150.png 150w\" sizes=\"auto, (max-width: 400px) 100vw, 400px\" \/><\/span><\/figure><\/div>\n\n\n\n<div class=\"wp-block-stackable-heading stk-block-heading stk-block-heading--v2 stk-block stk-0e319cf\" id=\"john-de-santi\" data-block-id=\"0e319cf\"><style>.stk-0e319cf {padding-top:0px !important;padding-right:0px !important;padding-bottom:0px !important;padding-left:0px !important;margin-bottom:10px !important;}<\/style><h5 class=\"stk-block-heading__text has-text-align-center\">John DeSanti<\/h5><\/div>\n\n\n\n<div class=\"wp-block-stackable-text stk-block-text stk-block stk-4e826c7\" data-block-id=\"4e826c7\"><style>.stk-4e826c7 .stk-block-text__text{color:#aaaaaa !important;}<\/style><p class=\"stk-block-text__text has-text-color has-text-align-center\">Directrice<\/p><\/div>\n<\/div><\/div><\/div>\n\n\n\n<div class=\"wp-block-stackable-column stk-block-column stk-column stk-block stk-e1a7cf4\" data-v=\"4\" data-block-id=\"e1a7cf4\"><style>.stk-e1a7cf4-container{margin-top:0px !important;margin-right:0px !important;margin-bottom:0px !important;margin-left:0px !important;}@media screen and (max-width:689px){.stk-e1a7cf4 {flex:var(--stk-flex-grow, 1) 1 calc(50% - var(--stk-column-gap, 0px) * 1 \/ 2 ) !important;}}<\/style><div class=\"stk-column-wrapper stk-block-column__content stk-container stk-e1a7cf4-container stk--no-background stk--no-padding\"><div class=\"stk-block-content stk-inner-blocks stk-e1a7cf4-inner-blocks\">\n<div class=\"wp-block-stackable-image stk-block-image stk-block stk-ccf24cc\" data-block-id=\"ccf24cc\"><figure><span class=\"stk-img-wrapper stk-image--shape-stretch\"><img loading=\"lazy\" decoding=\"async\" class=\"stk-img wp-image-1419\" src=\"https:\/\/www.agatfoundation.com\/wp-content\/uploads\/director-allan-kostanuick.png\" width=\"400\" height=\"400\" srcset=\"https:\/\/www.agatfoundation.com\/wp-content\/uploads\/director-allan-kostanuick.png 400w, https:\/\/www.agatfoundation.com\/wp-content\/uploads\/director-allan-kostanuick-300x300.png 300w, https:\/\/www.agatfoundation.com\/wp-content\/uploads\/director-allan-kostanuick-150x150.png 150w\" sizes=\"auto, (max-width: 400px) 100vw, 400px\" \/><\/span><\/figure><\/div>\n\n\n\n<div class=\"wp-block-stackable-heading stk-block-heading stk-block-heading--v2 stk-block stk-13c3c30\" id=\"allan-kostanuick\" data-block-id=\"13c3c30\"><style>.stk-13c3c30 {padding-top:0px !important;padding-right:0px !important;padding-bottom:0px !important;padding-left:0px !important;margin-bottom:10px !important;}<\/style><h5 class=\"stk-block-heading__text has-text-align-center\">Allan Kostanuick<\/h5><\/div>\n\n\n\n<div class=\"wp-block-stackable-text stk-block-text stk-block stk-005c2cf\" data-block-id=\"005c2cf\"><style>.stk-005c2cf .stk-block-text__text{color:#aaaaaa !important;}<\/style><p class=\"stk-block-text__text has-text-color has-text-align-center\">Directeur et secr\u00e9taire-tr\u00e9sorier\n\n<\/p><\/div>\n<\/div><\/div><\/div>\n\n\n\n<div class=\"wp-block-stackable-column stk-block-column stk-column stk-block stk-9001ba9\" data-v=\"4\" data-block-id=\"9001ba9\"><style>.stk-9001ba9-container{margin-top:0px !important;margin-right:0px !important;margin-bottom:0px !important;margin-left:0px !important;}@media screen and (max-width:689px){.stk-9001ba9 {flex:var(--stk-flex-grow, 1) 1 calc(50% - var(--stk-column-gap, 0px) * 1 \/ 2 ) !important;}}<\/style><div class=\"stk-column-wrapper stk-block-column__content stk-container stk-9001ba9-container stk--no-background stk--no-padding\"><div class=\"stk-block-content stk-inner-blocks stk-9001ba9-inner-blocks\">\n<div class=\"wp-block-stackable-image stk-block-image stk-block stk-cf12c30\" data-block-id=\"cf12c30\"><figure><span class=\"stk-img-wrapper stk-image--shape-stretch\"><img loading=\"lazy\" decoding=\"async\" class=\"stk-img wp-image-1421\" src=\"https:\/\/www.agatfoundation.com\/wp-content\/uploads\/director-julie-desanti.png\" width=\"400\" height=\"400\" srcset=\"https:\/\/www.agatfoundation.com\/wp-content\/uploads\/director-julie-desanti.png 400w, https:\/\/www.agatfoundation.com\/wp-content\/uploads\/director-julie-desanti-300x300.png 300w, https:\/\/www.agatfoundation.com\/wp-content\/uploads\/director-julie-desanti-150x150.png 150w\" sizes=\"auto, (max-width: 400px) 100vw, 400px\" \/><\/span><\/figure><\/div>\n\n\n\n<div class=\"wp-block-stackable-heading stk-block-heading stk-block-heading--v2 stk-block stk-07e4a78\" id=\"julie-de-santi\" data-block-id=\"07e4a78\"><style>.stk-07e4a78 {padding-top:0px !important;padding-right:0px !important;padding-bottom:0px !important;padding-left:0px !important;margin-bottom:10px !important;}<\/style><h5 class=\"stk-block-heading__text has-text-align-center\">Julie DeSanti<\/h5><\/div>\n\n\n\n<div class=\"wp-block-stackable-text stk-block-text stk-block stk-acc28ba\" data-block-id=\"acc28ba\"><style>.stk-acc28ba .stk-block-text__text{color:#aaaaaa !important;}<\/style><p class=\"stk-block-text__text has-text-color has-text-align-center\">Directrice<\/p><\/div>\n<\/div><\/div><\/div>\n\n\n\n<div class=\"wp-block-stackable-column stk-block-column stk-column stk-block stk-8d22443\" data-v=\"4\" data-block-id=\"8d22443\"><style>.stk-8d22443-container{margin-top:0px !important;margin-right:0px !important;margin-bottom:0px !important;margin-left:0px !important;}@media screen and (max-width:689px){.stk-8d22443 {flex:var(--stk-flex-grow, 1) 1 calc(50% - var(--stk-column-gap, 0px) * 1 \/ 2 ) !important;}}<\/style><div class=\"stk-column-wrapper stk-block-column__content stk-container stk-8d22443-container stk--no-background stk--no-padding\"><div class=\"stk-block-content stk-inner-blocks stk-8d22443-inner-blocks\">\n<div class=\"wp-block-stackable-image stk-block-image stk-block stk-7d368cb\" data-block-id=\"7d368cb\"><figure><span class=\"stk-img-wrapper stk-image--shape-stretch\"><img loading=\"lazy\" decoding=\"async\" class=\"stk-img wp-image-1422\" src=\"https:\/\/www.agatfoundation.com\/wp-content\/uploads\/director-marissa-reckmann.png\" width=\"400\" height=\"400\" srcset=\"https:\/\/www.agatfoundation.com\/wp-content\/uploads\/director-marissa-reckmann.png 400w, https:\/\/www.agatfoundation.com\/wp-content\/uploads\/director-marissa-reckmann-300x300.png 300w, https:\/\/www.agatfoundation.com\/wp-content\/uploads\/director-marissa-reckmann-150x150.png 150w\" sizes=\"auto, (max-width: 400px) 100vw, 400px\" \/><\/span><\/figure><\/div>\n\n\n\n<div class=\"wp-block-stackable-heading stk-block-heading stk-block-heading--v2 stk-block stk-4409aec\" id=\"marissa-reckmann\" data-block-id=\"4409aec\"><style>.stk-4409aec {padding-top:0px !important;padding-right:0px !important;padding-bottom:0px !important;padding-left:0px !important;margin-bottom:10px !important;}<\/style><h5 class=\"stk-block-heading__text has-text-align-center\">Marissa Reckmann<\/h5><\/div>\n\n\n\n<div class=\"wp-block-stackable-text stk-block-text stk-block stk-88f18f6\" data-block-id=\"88f18f6\"><style>.stk-88f18f6 .stk-block-text__text{color:#aaaaaa !important;}<\/style><p class=\"stk-block-text__text has-text-color has-text-align-center\">Directrice<\/p><\/div>\n<\/div><\/div><\/div>\n<\/div><\/div>\n\n\n\n<div class=\"wp-block-stackable-spacer stk-block-spacer stk--no-padding stk-block stk-7eee621\" data-block-id=\"7eee621\"><style>.stk-7eee621 {height:100px !important;}@media screen and (max-width:999px){.stk-7eee621 {height:35px !important;}}@media screen and (max-width:689px){.stk-7eee621 {height:50px !important;}}<\/style><\/div>\n\n\n\n<div class=\"wp-block-stackable-columns alignfull stk-block-columns stk-block stk-51483c5 stk-block-background stk--has-background-overlay\" data-block-id=\"51483c5\"><style>.stk-51483c5 .stk--block-align-51483c5{align-items:center !important;}.stk-51483c5 {background-color:#000000 !important;background-image:url(https:\/\/www.agatfoundation.com\/wp-content\/uploads\/johns-water-feature.jpg) !important;background-attachment:fixed !important;padding-top:150px !important;padding-bottom:150px !important;margin-bottom:0px !important;}.stk-51483c5:before{background-color:#000000 !important;opacity:0.5 !important;}.stk-51483c5-column{--stk-column-gap:35px !important;}@media screen and (max-width:999px){.stk-51483c5 {padding-top:100px !important;padding-bottom:100px !important;}}<\/style><div class=\"stk-row stk-inner-blocks stk--block-align-51483c5 stk-block-content stk-content-align stk-51483c5-column\">\n<div class=\"wp-block-stackable-column stk-block-column stk-column stk-block stk-6cfc4a8\" data-v=\"4\" data-block-id=\"6cfc4a8\"><style>.stk-6cfc4a8-container{margin-top:0px !important;margin-right:0px !important;margin-bottom:0px !important;margin-left:0px !important;}<\/style><div class=\"stk-column-wrapper stk-block-column__content stk-container stk-6cfc4a8-container stk--no-background stk--no-padding\"><div class=\"stk-block-content stk-inner-blocks stk-6cfc4a8-inner-blocks\">\n<div class=\"wp-block-stackable-heading stk-block-heading stk-block-heading--v2 stk-block stk-954caba\" id=\"championing-causes-for-communities-everywhere\" data-block-id=\"954caba\"><style>.stk-954caba {margin-bottom:20px !important;}.stk-954caba .stk-block-heading__text{font-size:50px !important;color:var(--theme-palette-color-8, #ffffff) !important;line-height:1.2em !important;}@media screen and (max-width:999px){.stk-954caba .stk-block-heading__text{font-size:50px !important;}}@media screen and (max-width:689px){.stk-954caba .stk-block-heading__text{font-size:40px !important;}}<\/style><h2 class=\"stk-block-heading__text has-text-color has-palette-color-8-color has-text-align-left-mobile\">D\u00e9fendre des causes qui rassemblent et soutiennent les communaut\u00e9s, partout dans le monde.<\/h2><\/div>\n\n\n\n<div class=\"wp-block-stackable-text stk-block-text stk-block stk-35e8da2\" data-block-id=\"35e8da2\"><style>.stk-35e8da2 {margin-bottom:40px !important;}.stk-35e8da2 .stk-block-text__text{color:var(--theme-palette-color-5, #edeff2) !important;}<\/style><p class=\"stk-block-text__text has-text-color has-palette-color-5-color has-text-align-left-mobile\">Explorez nos axes de financement et de soutien.<\/p><\/div>\n\n\n\n<div class=\"wp-block-stackable-button-group stk-block-button-group stk-block stk-37cee5b\" data-block-id=\"37cee5b\"><div class=\"stk-row stk-inner-blocks has-text-align-left-mobile stk-block-content stk-button-group\">\n<div class=\"wp-block-stackable-button stk-block-button stk-block stk-b9a4609\" data-block-id=\"b9a4609\"><style>.stk-b9a4609 .stk-button__inner-text{font-size:16px !important;font-weight:500 !important;}@media screen and (max-width:999px){.stk-b9a4609 .stk-button__inner-text{font-size:16px !important;}}<\/style><a class=\"stk-link stk-button stk--hover-effect-darken\" href=\"\/fr\/flux-de-soutien\/\"><span class=\"stk-button__inner-text\">En savoir plus<\/span><\/a><\/div>\n<\/div><\/div>\n<\/div><\/div><\/div>\n<\/div><\/div>","protected":false},"excerpt":{"rendered":"<p>Meet the directors leading the AGAT Foundation\u2019s mission to uplift communities through philanthropy, collaboration, and meaningful impact.<\/p>","protected":false},"author":2,"featured_media":1840,"parent":593,"menu_order":0,"comment_status":"closed","ping_status":"closed","template":"","meta":{"footnotes":""},"class_list":["post-1415","page","type-page","status-publish","has-post-thumbnail","hentry"],"blocksy_meta":{"styles_descriptor":{"styles":{"desktop":"","tablet":"","mobile":""},"google_fonts":[],"version":6}},"aioseo_notices":[],"featured_image_src":"https:\/\/www.agatfoundation.com\/wp-content\/uploads\/gold-geese-flying-in-v-formation-600x400.jpg","featured_image_src_square":"https:\/\/www.agatfoundation.com\/wp-content\/uploads\/gold-geese-flying-in-v-formation-600x600.jpg","_links":{"self":[{"href":"https:\/\/www.agatfoundation.com\/fr\/wp-json\/wp\/v2\/pages\/1415","targetHints":{"allow":["GET"]}}],"collection":[{"href":"https:\/\/www.agatfoundation.com\/fr\/wp-json\/wp\/v2\/pages"}],"about":[{"href":"https:\/\/www.agatfoundation.com\/fr\/wp-json\/wp\/v2\/types\/page"}],"author":[{"embeddable":true,"href":"https:\/\/www.agatfoundation.com\/fr\/wp-json\/wp\/v2\/users\/2"}],"replies":[{"embeddable":true,"href":"https:\/\/www.agatfoundation.com\/fr\/wp-json\/wp\/v2\/comments?post=1415"}],"version-history":[{"count":0,"href":"https:\/\/www.agatfoundation.com\/fr\/wp-json\/wp\/v2\/pages\/1415\/revisions"}],"up":[{"embeddable":true,"href":"https:\/\/www.agatfoundation.com\/fr\/wp-json\/wp\/v2\/pages\/593"}],"wp:featuredmedia":[{"embeddable":true,"href":"https:\/\/www.agatfoundation.com\/fr\/wp-json\/wp\/v2\/media\/1840"}],"wp:attachment":[{"href":"https:\/\/www.agatfoundation.com\/fr\/wp-json\/wp\/v2\/media?parent=1415"}],"curies":[{"name":"wp","href":"https:\/\/api.w.org\/{rel}","templated":true}]}}